{"id":4382,"date":"2026-03-25T19:32:59","date_gmt":"2026-03-25T19:32:59","guid":{"rendered":"https:\/\/nep.edu.co\/?page_id=4382"},"modified":"2026-05-08T16:38:32","modified_gmt":"2026-05-08T16:38:32","slug":"plan-anticorrupcion-2026-2","status":"publish","type":"page","link":"https:\/\/nep.edu.co\/index.php\/plan-anticorrupcion-2026-2\/","title":{"rendered":"Plan Anticorrupci\u00f3n 2026"},"content":{"rendered":"\n<figure class=\"wp-block-table\"><table class=\"has-fixed-layout\"><tbody><tr><td class=\"has-text-align-center\" data-align=\"center\">Comunicado Oficial Plan Anticorrupci\u00f3n 2026<br><a href=\"https:\/\/nep.edu.co\/wp-content\/uploads\/2026\/03\/Cumunicado-Oficial-Plan-Anticorrupcion-2026-1.pdf\" target=\"_blank\" rel=\"noreferrer noopener\"><img decoding=\"async\" width=\"150\" height=\"150\" class=\"wp-image-4245\" style=\"width: 150px;\" src=\"https:\/\/nep.edu.co\/wp-content\/uploads\/2026\/03\/unnamed-4.png\" alt=\"\" srcset=\"https:\/\/nep.edu.co\/wp-content\/uploads\/2026\/03\/unnamed-4.png 512w, https:\/\/nep.edu.co\/wp-content\/uploads\/2026\/03\/unnamed-4-300x300.png 300w, https:\/\/nep.edu.co\/wp-content\/uploads\/2026\/03\/unnamed-4-150x150.png 150w, https:\/\/nep.edu.co\/wp-content\/uploads\/2026\/03\/unnamed-4-146x146.png 146w, https:\/\/nep.edu.co\/wp-content\/uploads\/2026\/03\/unnamed-4-50x50.png 50w, https:\/\/nep.edu.co\/wp-content\/uploads\/2026\/03\/unnamed-4-75x75.png 75w, https:\/\/nep.edu.co\/wp-content\/uploads\/2026\/03\/unnamed-4-85x85.png 85w, https:\/\/nep.edu.co\/wp-content\/uploads\/2026\/03\/unnamed-4-80x80.png 80w\" sizes=\"(max-width: 150px) 100vw, 150px\" \/><\/a><\/td><td class=\"has-text-align-center\" data-align=\"center\">Plan Anticorrupci\u00f3n 2026<br><a href=\"https:\/\/nep.edu.co\/wp-content\/uploads\/2026\/03\/Plan-Anticorrupcion-2026-1.pdf\" target=\"_blank\" rel=\"noreferrer noopener\"><img decoding=\"async\" width=\"150\" height=\"150\" class=\"wp-image-4245\" style=\"width: 150px;\" src=\"https:\/\/nep.edu.co\/wp-content\/uploads\/2026\/03\/unnamed-4.png\" alt=\"\" srcset=\"https:\/\/nep.edu.co\/wp-content\/uploads\/2026\/03\/unnamed-4.png 512w, https:\/\/nep.edu.co\/wp-content\/uploads\/2026\/03\/unnamed-4-300x300.png 300w, https:\/\/nep.edu.co\/wp-content\/uploads\/2026\/03\/unnamed-4-150x150.png 150w, https:\/\/nep.edu.co\/wp-content\/uploads\/2026\/03\/unnamed-4-146x146.png 146w, https:\/\/nep.edu.co\/wp-content\/uploads\/2026\/03\/unnamed-4-50x50.png 50w, https:\/\/nep.edu.co\/wp-content\/uploads\/2026\/03\/unnamed-4-75x75.png 75w, https:\/\/nep.edu.co\/wp-content\/uploads\/2026\/03\/unnamed-4-85x85.png 85w, https:\/\/nep.edu.co\/wp-content\/uploads\/2026\/03\/unnamed-4-80x80.png 80w\" sizes=\"(max-width: 150px) 100vw, 150px\" \/><\/a><\/td><\/tr><\/tbody><\/table><\/figure>\n\n\n\n<figure class=\"wp-block-table\"><table class=\"has-fixed-layout\"><tbody><tr><td class=\"has-text-align-center\" data-align=\"center\"><strong><em>Avances Plan Anticorrupci\u00f3n Abril 30 de 2026 <\/em><\/strong><br><br><a href=\"https:\/\/nep.edu.co\/wp-content\/uploads\/2026\/05\/Avances-Plan-Anticorupcion-Abril-30-de-2026.pdf\" target=\"_blank\" rel=\"noreferrer noopener\"><img decoding=\"async\" width=\"150\" height=\"150\" class=\"wp-image-4245\" style=\"width: 150px;\" src=\"https:\/\/nep.edu.co\/wp-content\/uploads\/2026\/03\/unnamed-4.png\" alt=\"\" srcset=\"https:\/\/nep.edu.co\/wp-content\/uploads\/2026\/03\/unnamed-4.png 512w, https:\/\/nep.edu.co\/wp-content\/uploads\/2026\/03\/unnamed-4-300x300.png 300w, https:\/\/nep.edu.co\/wp-content\/uploads\/2026\/03\/unnamed-4-150x150.png 150w, https:\/\/nep.edu.co\/wp-content\/uploads\/2026\/03\/unnamed-4-146x146.png 146w, https:\/\/nep.edu.co\/wp-content\/uploads\/2026\/03\/unnamed-4-50x50.png 50w, https:\/\/nep.edu.co\/wp-content\/uploads\/2026\/03\/unnamed-4-75x75.png 75w, https:\/\/nep.edu.co\/wp-content\/uploads\/2026\/03\/unnamed-4-85x85.png 85w, https:\/\/nep.edu.co\/wp-content\/uploads\/2026\/03\/unnamed-4-80x80.png 80w\" sizes=\"(max-width: 150px) 100vw, 150px\" \/><\/a><a href=\"https:\/\/nep.edu.co\/wp-content\/uploads\/2026\/03\/Cumunicado-Oficial-Plan-Anticorrupcion-2026-1.pdf\" target=\"_blank\" rel=\"noreferrer noopener\"><\/a><\/td><td class=\"has-text-align-center\" data-align=\"center\"><br><a href=\"https:\/\/nep.edu.co\/wp-content\/uploads\/2026\/03\/Plan-Anticorrupcion-2026-1.pdf\" target=\"_blank\" rel=\"noreferrer noopener\"><\/a><\/td><\/tr><\/tbody><\/table><\/figure>\n\n\n\n<p><\/p>\n\n\n\n<p><\/p>\n\n\n\n<p><\/p>\n","protected":false},"excerpt":{"rendered":"<p>Comunicado Oficial Plan Anticorrupci\u00f3n 2026 Plan Anticorrupci\u00f3n 2026 Avances Plan Anticorrupci\u00f3n Abril 30 de 2026<\/p>\n","protected":false},"author":2,"featured_media":0,"parent":0,"menu_order":0,"comment_status":"closed","ping_status":"closed","template":"","meta":{"footnotes":""},"class_list":["post-4382","page","type-page","status-publish","hentry"],"_links":{"self":[{"href":"https:\/\/nep.edu.co\/index.php\/wp-json\/wp\/v2\/pages\/4382","targetHints":{"allow":["GET"]}}],"collection":[{"href":"https:\/\/nep.edu.co\/index.php\/wp-json\/wp\/v2\/pages"}],"about":[{"href":"https:\/\/nep.edu.co\/index.php\/wp-json\/wp\/v2\/types\/page"}],"author":[{"embeddable":true,"href":"https:\/\/nep.edu.co\/index.php\/wp-json\/wp\/v2\/users\/2"}],"replies":[{"embeddable":true,"href":"https:\/\/nep.edu.co\/index.php\/wp-json\/wp\/v2\/comments?post=4382"}],"version-history":[{"count":4,"href":"https:\/\/nep.edu.co\/index.php\/wp-json\/wp\/v2\/pages\/4382\/revisions"}],"predecessor-version":[{"id":4551,"href":"https:\/\/nep.edu.co\/index.php\/wp-json\/wp\/v2\/pages\/4382\/revisions\/4551"}],"wp:attachment":[{"href":"https:\/\/nep.edu.co\/index.php\/wp-json\/wp\/v2\/media?parent=4382"}],"curies":[{"name":"wp","href":"https:\/\/api.w.org\/{rel}","templated":true}]}}