{"id":3873,"date":"2025-10-07T01:53:58","date_gmt":"2025-10-07T01:53:58","guid":{"rendered":"https:\/\/nep.edu.co\/?page_id=3873"},"modified":"2025-11-11T02:47:40","modified_gmt":"2025-11-11T02:47:40","slug":"consulta","status":"publish","type":"page","link":"https:\/\/nep.edu.co\/index.php\/consulta\/","title":{"rendered":"Informe Acad\u00e9mico"},"content":{"rendered":"\n<div id=\"ietnelp-app\">\n   \n\n\n<!DOCTYPE html>\n<html lang=\"es\">\n<head>\n    <meta charset=\"UTF-8\">\n    <meta name=\"viewport\" content=\"width=device-width, initial-scale=1.0\">\n    <title>P\u00e1gina Principal<\/title>\n    <link rel=\"stylesheet\" href=\"https:\/\/nep.edu.co\/wp-content\/plugins\/IETNELP\/public\/style\/inicio.css\">\n<\/head>\n<body>\n    <header class=\"simple-header\">\n        <div class=\"container\">\n            <div class=\"logo\">\n                <img decoding=\"async\" src=\"https:\/\/nep.edu.co\/wp-content\/uploads\/2025\/10\/IENELAPP.png\" alt=\"Logo IETNELAP\">\n                <span>IETNELAP<\/span>\n            <\/div>\n\n       \n            <nav>\n                <ul>\n                    <li><a href=\"\">Mi Instituci\u00f3n<\/a><\/li>\n                    <li><a href=\"\">Gestiones<\/a><\/li>\n                    <li><a href=\"https:\/\/nep.edu.co\/index.php\/consulta\/?vista=Informe\">Informes<\/a><\/li>\n                <\/ul>\n            <\/nav>\n        <\/div>\n    <\/header>\n\n    <section class=\"comunicados-modernos\">\n        <div class=\"comunicados-header\">\n            <h2>\u00daltimos Comunicados<\/h2>\n            <p>Ent\u00e9rate de las \u00faltimas noticias y eventos importantes en nuestra instituci\u00f3n.<\/p>\n        <\/div>\n        <div class=\"comunicados-grid\">\n            <div class=\"comunicado-card\">\n                <div class=\"comunicado-image\" style=\"background-image: url('');\"><\/div>\n                <div class=\"comunicado-content\">\n                    <h3>Nueva herramienta para consultar el anexo estudiantil<\/h3>\n                    <p> Ahora puede consultar el anexo de su hijo f\u00e1cilmente desde esta plataforma.\nSolo debe diligenciar los datos solicitados en el formulario de la secci\u00f3n informes para acceder a la informaci\u00f3n.<\/p>\n                    <a href=\"#\" class=\"comunicado-link\">Leer m\u00e1s<\/a>\n                <\/div>\n            <\/div>\n\n            <div class=\"comunicado-card\">\n                <div class=\"comunicado-image\" style=\"background-image: url('');\"><\/div>\n                <div class=\"comunicado-content\">\n                    <h3>Siempre mejorando<\/h3>\n                    <p>Nuestra instituci\u00f3n contin\u00faa mejorando cada d\u00eda para ofrecer una educaci\u00f3n de mayor calidad, inclusi\u00f3n y acompa\u00f1amiento a cada estudiante.\n                    Trabajamos constantemente en nuevas herramientas y procesos que permitan a los padres estar m\u00e1s informados y participar activamente en el desarrollo acad\u00e9mico de sus hijos.\n<\/p>\n                    <a href=\"#\" class=\"comunicado-link\">Leer m\u00e1s<\/a>\n                <\/div>\n            <\/div>\n\n            <div class=\"comunicado-card\">\n                <div class=\"comunicado-image\" style=\"background-image: url('');\"><\/div>\n                <div class=\"comunicado-content\">\n                    <h3>Disponibles los informes acad\u00e9micos en el portal oficial<\/h3>\n                    <p>Recuerde que los informes est\u00e1n disponibles \u00fanicamente en nuestra p\u00e1gina web oficial: https:\/\/nep.edu.co\/\n                    Acceda a ella para mantenerse al d\u00eda con las novedades, comunicados y preparativos del nuevo a\u00f1o escolar.<\/p>\n                    <a href=\"#\" class=\"comunicado-link\">Leer m\u00e1s<\/a>\n                <\/div>\n            <\/div>\n        <\/div>\n    <\/section>\n\n    \n\n    <footer class=\"simple-footer\">\n        <div class=\"container\">\n            <div class=\"footer-info\">\n                <p>IETNELAP - Instituci\u00f3n Educativa<\/p>\n                <p>&copy; 2025 Todos los derechos reservados<\/p>\n            <\/div>\n\n            <div class=\"footer-links\">\n                <h4>Enlaces r\u00e1pidos<\/h4>\n                <ul>\n                    <li><a href=\"https:\/\/nep.edu.co\/index.php\/consulta\/?vista=Informe\">Informes<\/a><\/li>\n                <\/ul>\n            <\/div>\n        <\/div>\n    <\/footer>\n<\/body>\n\n<\/html>\n<\/div>\n\n\n","protected":false},"excerpt":{"rendered":"P\u00e1gina Principal IETNELAP Mi Instituci\u00f3n Gestiones Informes \u00daltimos Comunicados Ent\u00e9rate de las \u00faltimas noticias y eventos importantes en nuestra instituci\u00f3n. Nueva herramienta para consultar el anexo<span class=\"excerpt-hellip\"> [\u2026]<\/span>","protected":false},"author":2,"featured_media":0,"parent":0,"menu_order":0,"comment_status":"closed","ping_status":"closed","template":"","meta":{"footnotes":""},"class_list":["post-3873","page","type-page","status-publish","hentry"],"_links":{"self":[{"href":"https:\/\/nep.edu.co\/index.php\/wp-json\/wp\/v2\/pages\/3873","targetHints":{"allow":["GET"]}}],"collection":[{"href":"https:\/\/nep.edu.co\/index.php\/wp-json\/wp\/v2\/pages"}],"about":[{"href":"https:\/\/nep.edu.co\/index.php\/wp-json\/wp\/v2\/types\/page"}],"author":[{"embeddable":true,"href":"https:\/\/nep.edu.co\/index.php\/wp-json\/wp\/v2\/users\/2"}],"replies":[{"embeddable":true,"href":"https:\/\/nep.edu.co\/index.php\/wp-json\/wp\/v2\/comments?post=3873"}],"version-history":[{"count":4,"href":"https:\/\/nep.edu.co\/index.php\/wp-json\/wp\/v2\/pages\/3873\/revisions"}],"predecessor-version":[{"id":3928,"href":"https:\/\/nep.edu.co\/index.php\/wp-json\/wp\/v2\/pages\/3873\/revisions\/3928"}],"wp:attachment":[{"href":"https:\/\/nep.edu.co\/index.php\/wp-json\/wp\/v2\/media?parent=3873"}],"curies":[{"name":"wp","href":"https:\/\/api.w.org\/{rel}","templated":true}]}}