{"id":2751,"date":"2021-05-24T22:12:54","date_gmt":"2021-05-24T22:12:54","guid":{"rendered":"http:\/\/nep.edu.co\/?page_id=2751"},"modified":"2021-05-24T22:18:21","modified_gmt":"2021-05-24T22:18:21","slug":"objetivos-institucionales","status":"publish","type":"page","link":"https:\/\/nep.edu.co\/index.php\/objetivos-institucionales\/","title":{"rendered":"Objetivos Institucionales"},"content":{"rendered":"\t\t<div data-elementor-type=\"wp-page\" data-elementor-id=\"2751\" class=\"elementor elementor-2751\">\n\t\t\t\t\t\t<section class=\"elementor-section elementor-top-section elementor-element elementor-element-1030081 elementor-section-boxed elementor-section-height-default elementor-section-height-default\" data-id=\"1030081\" data-element_type=\"section\" data-e-type=\"section\">\n\t\t\t\t\t\t<div class=\"elementor-container elementor-column-gap-default\">\n\t\t\t\t\t<div class=\"elementor-column elementor-col-100 elementor-top-column elementor-element elementor-element-7231a86\" data-id=\"7231a86\" data-element_type=\"column\" data-e-type=\"column\">\n\t\t\t<div class=\"elementor-widget-wrap elementor-element-populated\">\n\t\t\t\t\t\t<div class=\"elementor-element elementor-element-358e2d6 elementor-widget elementor-widget-heading\" data-id=\"358e2d6\" data-element_type=\"widget\" data-e-type=\"widget\" data-widget_type=\"heading.default\">\n\t\t\t\t<div class=\"elementor-widget-container\">\n\t\t\t\t\t<h2 class=\"elementor-heading-title elementor-size-default\">Objetivo General<\/h2>\t\t\t\t<\/div>\n\t\t\t\t<\/div>\n\t\t\t\t\t<\/div>\n\t\t<\/div>\n\t\t\t\t\t<\/div>\n\t\t<\/section>\n\t\t\t\t<section class=\"elementor-section elementor-top-section elementor-element elementor-element-0a9600f elementor-section-boxed elementor-section-height-default elementor-section-height-default\" data-id=\"0a9600f\" data-element_type=\"section\" data-e-type=\"section\">\n\t\t\t\t\t\t<div class=\"elementor-container elementor-column-gap-default\">\n\t\t\t\t\t<div class=\"elementor-column elementor-col-100 elementor-top-column elementor-element elementor-element-106c1ed\" data-id=\"106c1ed\" data-element_type=\"column\" data-e-type=\"column\">\n\t\t\t<div class=\"elementor-widget-wrap elementor-element-populated\">\n\t\t\t\t\t\t<section class=\"elementor-section elementor-inner-section elementor-element elementor-element-8a06cdb elementor-section-boxed elementor-section-height-default elementor-section-height-default\" data-id=\"8a06cdb\" data-element_type=\"section\" data-e-type=\"section\">\n\t\t\t\t\t\t<div class=\"elementor-container elementor-column-gap-default\">\n\t\t\t\t\t<div class=\"elementor-column elementor-col-50 elementor-inner-column elementor-element elementor-element-287d769\" data-id=\"287d769\" data-element_type=\"column\" data-e-type=\"column\">\n\t\t\t<div class=\"elementor-widget-wrap elementor-element-populated\">\n\t\t\t\t\t\t<div class=\"elementor-element elementor-element-ffe2c94 elementor-widget elementor-widget-image\" data-id=\"ffe2c94\" data-element_type=\"widget\" data-e-type=\"widget\" data-widget_type=\"image.default\">\n\t\t\t\t<div class=\"elementor-widget-container\">\n\t\t\t\t\t\t\t\t\t\t\t\t\t\t\t<img fetchpriority=\"high\" decoding=\"async\" width=\"291\" height=\"173\" src=\"https:\/\/nep.edu.co\/wp-content\/uploads\/2021\/05\/objetivo.png\" class=\"attachment-large size-large wp-image-2728\" alt=\"\" srcset=\"https:\/\/nep.edu.co\/wp-content\/uploads\/2021\/05\/objetivo.png 291w, https:\/\/nep.edu.co\/wp-content\/uploads\/2021\/05\/objetivo-246x146.png 246w, https:\/\/nep.edu.co\/wp-content\/uploads\/2021\/05\/objetivo-50x30.png 50w, https:\/\/nep.edu.co\/wp-content\/uploads\/2021\/05\/objetivo-126x75.png 126w\" sizes=\"(max-width: 291px) 100vw, 291px\" \/>\t\t\t\t\t\t\t\t\t\t\t\t\t\t\t<\/div>\n\t\t\t\t<\/div>\n\t\t\t\t\t<\/div>\n\t\t<\/div>\n\t\t\t\t<div class=\"elementor-column elementor-col-50 elementor-inner-column elementor-element elementor-element-7446cef\" data-id=\"7446cef\" data-element_type=\"column\" data-e-type=\"column\">\n\t\t\t<div class=\"elementor-widget-wrap elementor-element-populated\">\n\t\t\t\t\t\t<div class=\"elementor-element elementor-element-0aba705 elementor-widget elementor-widget-text-editor\" data-id=\"0aba705\" data-element_type=\"widget\" data-e-type=\"widget\" data-widget_type=\"text-editor.default\">\n\t\t\t\t<div class=\"elementor-widget-container\">\n\t\t\t\t\t\t\t\t\t<h4>Contribuir al desarrollo humano y la atenci\u00f3n integral de la comunidad, mediante la internalizaci\u00f3n \u00a0de los valores institucionales y competencias indispensables para la convivencia, la interacci\u00f3n adecuada con la naturaleza y su entorno.<\/h4>\t\t\t\t\t\t\t\t<\/div>\n\t\t\t\t<\/div>\n\t\t\t\t\t<\/div>\n\t\t<\/div>\n\t\t\t\t\t<\/div>\n\t\t<\/section>\n\t\t\t\t\t<\/div>\n\t\t<\/div>\n\t\t\t\t\t<\/div>\n\t\t<\/section>\n\t\t\t\t<section class=\"elementor-section elementor-top-section elementor-element elementor-element-63040ad elementor-section-boxed elementor-section-height-default elementor-section-height-default\" data-id=\"63040ad\" data-element_type=\"section\" data-e-type=\"section\">\n\t\t\t\t\t\t<div class=\"elementor-container elementor-column-gap-default\">\n\t\t\t\t\t<div class=\"elementor-column elementor-col-100 elementor-top-column elementor-element elementor-element-280f500\" data-id=\"280f500\" data-element_type=\"column\" data-e-type=\"column\">\n\t\t\t<div class=\"elementor-widget-wrap elementor-element-populated\">\n\t\t\t\t\t\t<div class=\"elementor-element elementor-element-30c67a3 elementor-widget elementor-widget-heading\" data-id=\"30c67a3\" data-element_type=\"widget\" data-e-type=\"widget\" data-widget_type=\"heading.default\">\n\t\t\t\t<div class=\"elementor-widget-container\">\n\t\t\t\t\t<h2 class=\"elementor-heading-title elementor-size-default\">A\u00f1ade aqu\u00ed tu texto de cabecera<\/h2>\t\t\t\t<\/div>\n\t\t\t\t<\/div>\n\t\t\t\t\t<\/div>\n\t\t<\/div>\n\t\t\t\t\t<\/div>\n\t\t<\/section>\n\t\t\t\t<section class=\"elementor-section elementor-top-section elementor-element elementor-element-093f67d elementor-section-boxed elementor-section-height-default elementor-section-height-default\" data-id=\"093f67d\" data-element_type=\"section\" data-e-type=\"section\">\n\t\t\t\t\t\t<div class=\"elementor-container elementor-column-gap-default\">\n\t\t\t\t\t<div class=\"elementor-column elementor-col-100 elementor-top-column elementor-element elementor-element-729c7fc\" data-id=\"729c7fc\" data-element_type=\"column\" data-e-type=\"column\">\n\t\t\t<div class=\"elementor-widget-wrap elementor-element-populated\">\n\t\t\t\t\t\t<section class=\"elementor-section elementor-inner-section elementor-element elementor-element-55b89e0 elementor-section-boxed elementor-section-height-default elementor-section-height-default\" data-id=\"55b89e0\" data-element_type=\"section\" data-e-type=\"section\">\n\t\t\t\t\t\t<div class=\"elementor-container elementor-column-gap-default\">\n\t\t\t\t\t<div class=\"elementor-column elementor-col-50 elementor-inner-column elementor-element elementor-element-4961c96\" data-id=\"4961c96\" data-element_type=\"column\" data-e-type=\"column\">\n\t\t\t<div class=\"elementor-widget-wrap elementor-element-populated\">\n\t\t\t\t\t\t<div class=\"elementor-element elementor-element-69e4b12 elementor-widget elementor-widget-text-editor\" data-id=\"69e4b12\" data-element_type=\"widget\" data-e-type=\"widget\" data-widget_type=\"text-editor.default\">\n\t\t\t\t<div class=\"elementor-widget-container\">\n\t\t\t\t\t\t\t\t\t<ul><li>Generar mecanismos y espacios de participaci\u00f3n para todos los miembros de la comunidad educativa, que fomenten el trabajo en equipo, la autogesti\u00f3n, la expresi\u00f3n cultural y la apropiaci\u00f3n de la instituci\u00f3n.<\/li><li>Orientar el proceso educativo hacia la formaci\u00f3n de los valores fortaleciendo el desarrollo integral del individuo.<\/li><li>Promover acciones que conlleven al desarrollo de competencias para mejorar la convivencia arm\u00f3nica del sujeto con la naturaleza y su entorno.<\/li><li>Orientar la vida institucional desde los componentes te\u00f3rico, curricular, modelo pedag\u00f3gico, proyectos espec\u00edficos, pol\u00edticas de convivencia y evaluaci\u00f3n.<\/li><li>Ofrecer a los ni\u00f1os, las ni\u00f1as, j\u00f3venes y adultos, una educaci\u00f3n de \u00a0calidad y pertinente \u00a0en preescolar, B\u00e1sica primaria, B\u00e1sica secundaria , Media t\u00e9cnica y media acad\u00e9mica por ciclos.<\/li><li>Posibilitar a la comunidad estudiantil de la Instituci\u00f3n Educativa la adquisici\u00f3n del conocimiento mediante el desarrollo de las competencias B\u00e1sicas fundamentadas en los principios de la UNESCO: saber ser, saber hacer, saber conocer y saber convivir.<\/li><li>Hacer de la Instituci\u00f3n Educativa Nueva Esperanza La Palma un espacio donde se generen relaciones educativas que propicien la convivencia, \u00a0el reconocimiento \u00a0y respeto del otro, entre estudiantes, docentes, padres de familia, el curr\u00edculo y el contexto.<\/li><li>Desarrollar en la comunidad de estudiantes, mediante el proceso acad\u00e9mico, las habilidades de pensamiento las competencias ciudadanas y laborales generales, que les permitan acercarse al sector productivo o acceder a la educaci\u00f3n superior.<\/li><\/ul>\t\t\t\t\t\t\t\t<\/div>\n\t\t\t\t<\/div>\n\t\t\t\t\t<\/div>\n\t\t<\/div>\n\t\t\t\t<div class=\"elementor-column elementor-col-50 elementor-inner-column elementor-element elementor-element-fd0621d\" data-id=\"fd0621d\" data-element_type=\"column\" data-e-type=\"column\">\n\t\t\t<div class=\"elementor-widget-wrap elementor-element-populated\">\n\t\t\t\t\t\t<div class=\"elementor-element elementor-element-7fcb987 elementor-widget elementor-widget-image\" data-id=\"7fcb987\" data-element_type=\"widget\" data-e-type=\"widget\" data-widget_type=\"image.default\">\n\t\t\t\t<div class=\"elementor-widget-container\">\n\t\t\t\t\t\t\t\t\t\t\t\t\t\t\t<img decoding=\"async\" width=\"318\" height=\"159\" src=\"https:\/\/nep.edu.co\/wp-content\/uploads\/2021\/05\/especificos.jpg\" class=\"attachment-large size-large wp-image-2757\" alt=\"\" srcset=\"https:\/\/nep.edu.co\/wp-content\/uploads\/2021\/05\/especificos.jpg 318w, https:\/\/nep.edu.co\/wp-content\/uploads\/2021\/05\/especificos-300x150.jpg 300w, https:\/\/nep.edu.co\/wp-content\/uploads\/2021\/05\/especificos-260x130.jpg 260w, https:\/\/nep.edu.co\/wp-content\/uploads\/2021\/05\/especificos-50x25.jpg 50w, https:\/\/nep.edu.co\/wp-content\/uploads\/2021\/05\/especificos-150x75.jpg 150w\" sizes=\"(max-width: 318px) 100vw, 318px\" \/>\t\t\t\t\t\t\t\t\t\t\t\t\t\t\t<\/div>\n\t\t\t\t<\/div>\n\t\t\t\t\t<\/div>\n\t\t<\/div>\n\t\t\t\t\t<\/div>\n\t\t<\/section>\n\t\t\t\t\t<\/div>\n\t\t<\/div>\n\t\t\t\t\t<\/div>\n\t\t<\/section>\n\t\t\t\t<\/div>\n\t\t","protected":false},"excerpt":{"rendered":"<p>Objetivo General Contribuir al desarrollo humano y la atenci\u00f3n integral de la comunidad, mediante la internalizaci\u00f3n \u00a0de los valores institucionales y competencias indispensables para la convivencia,<span class=\"excerpt-hellip\"> [\u2026]<\/span><\/p>\n","protected":false},"author":1,"featured_media":0,"parent":0,"menu_order":0,"comment_status":"closed","ping_status":"closed","template":"","meta":{"footnotes":""},"class_list":["post-2751","page","type-page","status-publish","hentry"],"_links":{"self":[{"href":"https:\/\/nep.edu.co\/index.php\/wp-json\/wp\/v2\/pages\/2751","targetHints":{"allow":["GET"]}}],"collection":[{"href":"https:\/\/nep.edu.co\/index.php\/wp-json\/wp\/v2\/pages"}],"about":[{"href":"https:\/\/nep.edu.co\/index.php\/wp-json\/wp\/v2\/types\/page"}],"author":[{"embeddable":true,"href":"https:\/\/nep.edu.co\/index.php\/wp-json\/wp\/v2\/users\/1"}],"replies":[{"embeddable":true,"href":"https:\/\/nep.edu.co\/index.php\/wp-json\/wp\/v2\/comments?post=2751"}],"version-history":[{"count":0,"href":"https:\/\/nep.edu.co\/index.php\/wp-json\/wp\/v2\/pages\/2751\/revisions"}],"wp:attachment":[{"href":"https:\/\/nep.edu.co\/index.php\/wp-json\/wp\/v2\/media?parent=2751"}],"curies":[{"name":"wp","href":"https:\/\/api.w.org\/{rel}","templated":true}]}}