{"id":2353,"date":"2021-04-08T01:23:15","date_gmt":"2021-04-08T01:23:15","guid":{"rendered":"http:\/\/nep.edu.co\/?page_id=2353"},"modified":"2021-05-24T22:35:52","modified_gmt":"2021-05-24T22:35:52","slug":"gestion-comunitaria","status":"publish","type":"page","link":"https:\/\/nep.edu.co\/index.php\/gestion-comunitaria\/","title":{"rendered":"Gesti\u00f3n Comunitaria"},"content":{"rendered":"\t\t<div data-elementor-type=\"wp-page\" data-elementor-id=\"2353\" class=\"elementor elementor-2353\">\n\t\t\t\t\t\t<section class=\"elementor-section elementor-top-section elementor-element elementor-element-a75690b elementor-section-boxed elementor-section-height-default elementor-section-height-default\" data-id=\"a75690b\" data-element_type=\"section\" data-e-type=\"section\">\n\t\t\t\t\t\t<div class=\"elementor-container elementor-column-gap-default\">\n\t\t\t\t\t<div class=\"elementor-column elementor-col-100 elementor-top-column elementor-element elementor-element-9943f81\" data-id=\"9943f81\" data-element_type=\"column\" data-e-type=\"column\">\n\t\t\t<div class=\"elementor-widget-wrap elementor-element-populated\">\n\t\t\t\t\t\t<div class=\"elementor-element elementor-element-8d5bcaf elementor-widget elementor-widget-heading\" data-id=\"8d5bcaf\" data-element_type=\"widget\" data-e-type=\"widget\" data-widget_type=\"heading.default\">\n\t\t\t\t<div class=\"elementor-widget-container\">\n\t\t\t\t\t<h2 class=\"elementor-heading-title elementor-size-default\">Gesti\u00f3n Comunitaria<\/h2>\t\t\t\t<\/div>\n\t\t\t\t<\/div>\n\t\t\t\t\t<\/div>\n\t\t<\/div>\n\t\t\t\t\t<\/div>\n\t\t<\/section>\n\t\t\t\t<section class=\"elementor-section elementor-top-section elementor-element elementor-element-09d38b1 elementor-section-boxed elementor-section-height-default elementor-section-height-default\" data-id=\"09d38b1\" data-element_type=\"section\" data-e-type=\"section\">\n\t\t\t\t\t\t<div class=\"elementor-container elementor-column-gap-default\">\n\t\t\t\t\t<div class=\"elementor-column elementor-col-100 elementor-top-column elementor-element elementor-element-0246e93\" data-id=\"0246e93\" data-element_type=\"column\" data-e-type=\"column\">\n\t\t\t<div class=\"elementor-widget-wrap elementor-element-populated\">\n\t\t\t\t\t\t<div class=\"elementor-element elementor-element-68d4870 elementor-widget elementor-widget-text-editor\" data-id=\"68d4870\" data-element_type=\"widget\" data-e-type=\"widget\" data-widget_type=\"text-editor.default\">\n\t\t\t\t<div class=\"elementor-widget-container\">\n\t\t\t\t\t\t\t\t\t<h5>Para fortalecer la educaci\u00f3n en y para la paz, la convivencia y la ciudadan\u00eda, en los pr\u00f3ximos cuatro a\u00f1os se promover\u00e1n estrategias de articulaci\u00f3n y corresponsabilidad entre la\u00a0comunidad educativa.\n\nA partir del a\u00f1o 2016, se desarrollan programas de extensi\u00f3n a la comunidad y se establecen\u00a0relaciones m\u00e1s din\u00e1micas con el entorno, el sector productivo y las autoridades educativas.\n\nSe fortaleci\u00f3 la participaci\u00f3n de los diferentes sectores de la comunidad educativa a trav\u00e9s de capacitaciones, como escuela para padres, consejo de padres, consejo de estudiantes, jornadas pedag\u00f3gicas, Consejo Acad\u00e9mico y Consejo Directivo, de las cuales ha quedado evidencia en las actas, los diversos formatos y registros; la evaluaci\u00f3n institucional, entre otros.<\/h5>\t\t\t\t\t\t\t\t<\/div>\n\t\t\t\t<\/div>\n\t\t\t\t\t<\/div>\n\t\t<\/div>\n\t\t\t\t\t<\/div>\n\t\t<\/section>\n\t\t\t\t<section class=\"elementor-section elementor-top-section elementor-element elementor-element-42db136 elementor-section-boxed elementor-section-height-default elementor-section-height-default\" data-id=\"42db136\" data-element_type=\"section\" data-e-type=\"section\">\n\t\t\t\t\t\t<div class=\"elementor-container elementor-column-gap-default\">\n\t\t\t\t\t<div class=\"elementor-column elementor-col-100 elementor-top-column elementor-element elementor-element-628d6e8\" data-id=\"628d6e8\" data-element_type=\"column\" data-e-type=\"column\">\n\t\t\t<div class=\"elementor-widget-wrap elementor-element-populated\">\n\t\t\t\t\t\t<div class=\"elementor-element elementor-element-71ce3ae elementor-widget elementor-widget-heading\" data-id=\"71ce3ae\" data-element_type=\"widget\" data-e-type=\"widget\" data-widget_type=\"heading.default\">\n\t\t\t\t<div class=\"elementor-widget-container\">\n\t\t\t\t\t<h2 class=\"elementor-heading-title elementor-size-default\">Metas Integradas con el plan de desarrollo PEBA<\/h2>\t\t\t\t<\/div>\n\t\t\t\t<\/div>\n\t\t\t\t\t<\/div>\n\t\t<\/div>\n\t\t\t\t\t<\/div>\n\t\t<\/section>\n\t\t\t\t<section class=\"elementor-section elementor-top-section elementor-element elementor-element-cf6df69 elementor-section-boxed elementor-section-height-default elementor-section-height-default\" data-id=\"cf6df69\" data-element_type=\"section\" data-e-type=\"section\">\n\t\t\t\t\t\t<div class=\"elementor-container elementor-column-gap-default\">\n\t\t\t\t\t<div class=\"elementor-column elementor-col-100 elementor-top-column elementor-element elementor-element-e490cc3\" data-id=\"e490cc3\" data-element_type=\"column\" data-e-type=\"column\">\n\t\t\t<div class=\"elementor-widget-wrap elementor-element-populated\">\n\t\t\t\t\t\t<div class=\"elementor-element elementor-element-8d314ec elementor-widget elementor-widget-text-editor\" data-id=\"8d314ec\" data-element_type=\"widget\" data-e-type=\"widget\" data-widget_type=\"text-editor.default\">\n\t\t\t\t<div class=\"elementor-widget-container\">\n\t\t\t\t\t\t\t\t\t<p>Ampliar el espectro de participaci\u00f3n de los diferentes integrantes de la comunidad educativa, sobre todo el acercamiento de la comunidad de padres, madres y acudientes, para que se comprometan con el apoyo a la Instituci\u00f3n a trav\u00e9s del acompa\u00f1amiento hacia sus hijos e hijas, as\u00ed como la provisi\u00f3n de los elementos necesarios para el desarrollo de las actividades acad\u00e9micas y de formaci\u00f3n.<\/p>\t\t\t\t\t\t\t\t<\/div>\n\t\t\t\t<\/div>\n\t\t\t\t\t<\/div>\n\t\t<\/div>\n\t\t\t\t\t<\/div>\n\t\t<\/section>\n\t\t\t\t<\/div>\n\t\t","protected":false},"excerpt":{"rendered":"<p>Gesti\u00f3n Comunitaria Para fortalecer la educaci\u00f3n en y para la paz, la convivencia y la ciudadan\u00eda, en los pr\u00f3ximos cuatro a\u00f1os se promover\u00e1n estrategias de articulaci\u00f3n<span class=\"excerpt-hellip\"> [\u2026]<\/span><\/p>\n","protected":false},"author":1,"featured_media":0,"parent":0,"menu_order":0,"comment_status":"closed","ping_status":"closed","template":"","meta":{"footnotes":""},"class_list":["post-2353","page","type-page","status-publish","hentry"],"_links":{"self":[{"href":"https:\/\/nep.edu.co\/index.php\/wp-json\/wp\/v2\/pages\/2353","targetHints":{"allow":["GET"]}}],"collection":[{"href":"https:\/\/nep.edu.co\/index.php\/wp-json\/wp\/v2\/pages"}],"about":[{"href":"https:\/\/nep.edu.co\/index.php\/wp-json\/wp\/v2\/types\/page"}],"author":[{"embeddable":true,"href":"https:\/\/nep.edu.co\/index.php\/wp-json\/wp\/v2\/users\/1"}],"replies":[{"embeddable":true,"href":"https:\/\/nep.edu.co\/index.php\/wp-json\/wp\/v2\/comments?post=2353"}],"version-history":[{"count":0,"href":"https:\/\/nep.edu.co\/index.php\/wp-json\/wp\/v2\/pages\/2353\/revisions"}],"wp:attachment":[{"href":"https:\/\/nep.edu.co\/index.php\/wp-json\/wp\/v2\/media?parent=2353"}],"curies":[{"name":"wp","href":"https:\/\/api.w.org\/{rel}","templated":true}]}}