{"id":2357,"date":"2021-04-08T01:23:15","date_gmt":"2021-04-08T01:23:15","guid":{"rendered":"http:\/\/nep.edu.co\/?page_id=2357"},"modified":"2026-01-31T23:37:03","modified_gmt":"2026-01-31T23:37:03","slug":"plan-anticorrupcion","status":"publish","type":"page","link":"http:\/\/nep.edu.co\/index.php\/plan-anticorrupcion\/","title":{"rendered":"Plan Anti-corrupci\u00f3n IETNELAP"},"content":{"rendered":"\t\t<div data-elementor-type=\"wp-page\" data-elementor-id=\"2357\" class=\"elementor elementor-2357\">\n\t\t\t\t\t\t<section class=\"elementor-section elementor-top-section elementor-element elementor-element-1f1909b elementor-section-boxed elementor-section-height-default elementor-section-height-default\" data-id=\"1f1909b\" data-element_type=\"section\" data-e-type=\"section\">\n\t\t\t\t\t\t<div class=\"elementor-container elementor-column-gap-default\">\n\t\t\t\t\t<div class=\"elementor-column elementor-col-100 elementor-top-column elementor-element elementor-element-f37950d\" data-id=\"f37950d\" data-element_type=\"column\" data-e-type=\"column\">\n\t\t\t<div class=\"elementor-widget-wrap elementor-element-populated\">\n\t\t\t\t\t\t<div class=\"elementor-element elementor-element-d6c7e65 elementor-widget elementor-widget-accordion\" data-id=\"d6c7e65\" data-element_type=\"widget\" data-e-type=\"widget\" data-widget_type=\"accordion.default\">\n\t\t\t\t<div class=\"elementor-widget-container\">\n\t\t\t\t\t\t\t<div class=\"elementor-accordion\">\n\t\t\t\t\t\t\t<div class=\"elementor-accordion-item\">\n\t\t\t\t\t<div id=\"elementor-tab-title-2251\" class=\"elementor-tab-title\" data-tab=\"1\" role=\"button\" aria-controls=\"elementor-tab-content-2251\" aria-expanded=\"false\">\n\t\t\t\t\t\t\t\t\t\t\t\t\t<span class=\"elementor-accordion-icon elementor-accordion-icon-left\" aria-hidden=\"true\">\n\t\t\t\t\t\t\t\t\t\t\t\t\t\t\t<span class=\"elementor-accordion-icon-closed\"><i class=\"fas fa-plus\"><\/i><\/span>\n\t\t\t\t\t\t\t\t<span class=\"elementor-accordion-icon-opened\"><i class=\"fas fa-minus\"><\/i><\/span>\n\t\t\t\t\t\t\t\t\t\t\t\t\t\t<\/span>\n\t\t\t\t\t\t\t\t\t\t\t\t<a class=\"elementor-accordion-title\" tabindex=\"0\">Plan Anticorrupci\u00f3n 2026<\/a>\n\t\t\t\t\t<\/div>\n\t\t\t\t\t<div id=\"elementor-tab-content-2251\" class=\"elementor-tab-content elementor-clearfix\" data-tab=\"1\" role=\"region\" aria-labelledby=\"elementor-tab-title-2251\"><ol><li><a href=\"https:\/\/nep.edu.co\/wp-content\/uploads\/2026\/01\/Plan-Anticorrupcion-2026.pdf\" target=\"_blank\" rel=\"noopener\">Cumunicado Oficial Plan Anticorrupci\u00f3n 2026<\/a><\/li><li><a href=\"https:\/\/nep.edu.co\/wp-content\/uploads\/2026\/01\/Cumunicado-Oficial-Plan-Anticorrupcion-2026.pdf\" target=\"_blank\" rel=\"noopener\">Cumunicado Oficial Plan Anticorrupci\u00f3n 2026<\/a><\/li><li><a href=\"https:\/\/nep.edu.co\/wp-content\/uploads\/2026\/01\/ADOPCION-RESOLUCION-PAAC-I.E.-NUEVA-ESPERANZA-LA-PALMA-2026\" target=\"_blank\" rel=\"noopener\">ADOPCI\u00d3N RESOLUCION PAAC I.E. NUEVA ESPERANZA LA PALMA 2026<\/a><\/li><\/ol><\/div>\n\t\t\t\t<\/div>\n\t\t\t\t\t\t\t<div class=\"elementor-accordion-item\">\n\t\t\t\t\t<div id=\"elementor-tab-title-2252\" class=\"elementor-tab-title\" data-tab=\"2\" role=\"button\" aria-controls=\"elementor-tab-content-2252\" aria-expanded=\"false\">\n\t\t\t\t\t\t\t\t\t\t\t\t\t<span class=\"elementor-accordion-icon elementor-accordion-icon-left\" aria-hidden=\"true\">\n\t\t\t\t\t\t\t\t\t\t\t\t\t\t\t<span class=\"elementor-accordion-icon-closed\"><i class=\"fas fa-plus\"><\/i><\/span>\n\t\t\t\t\t\t\t\t<span class=\"elementor-accordion-icon-opened\"><i class=\"fas fa-minus\"><\/i><\/span>\n\t\t\t\t\t\t\t\t\t\t\t\t\t\t<\/span>\n\t\t\t\t\t\t\t\t\t\t\t\t<a class=\"elementor-accordion-title\" tabindex=\"0\">Plan Anticorrupci\u00f3n 2025<\/a>\n\t\t\t\t\t<\/div>\n\t\t\t\t\t<div id=\"elementor-tab-content-2252\" class=\"elementor-tab-content elementor-clearfix\" data-tab=\"2\" role=\"region\" aria-labelledby=\"elementor-tab-title-2252\"><p><a href=\"https:\/\/nep.edu.co\/wp-content\/uploads\/2025\/01\/Cumunicado-Oficial-1.pdf\">Cumunicado Oficial (1)<\/a><\/p><p><a href=\"https:\/\/nep.edu.co\/wp-content\/uploads\/2025\/01\/Plan-Anticorrupcion-2025.docx.pdf\">Plan Anticorrupcion 2025.docx<\/a><\/p><p><a href=\"https:\/\/nep.edu.co\/wp-content\/uploads\/2025\/05\/Avances-Plan-Anticorrupcion-a-30-de-abril-2025.pdf\" target=\"_blank\" rel=\"noopener\">Avances Plan Anticorrupcion a 30 de abril 2025<\/a><\/p><p><a href=\"https:\/\/nep.edu.co\/wp-content\/uploads\/2025\/10\/Avances-Plan-Anticorrupcion-a-30-de-agosto-2025.pdf\" target=\"_blank\" rel=\"noopener\">Avances Plan Anticorrupcion a 30 de agosto 2025<\/a><\/p><p><a href=\"https:\/\/nep.edu.co\/wp-content\/uploads\/2025\/01\/ADOPCION-RESOLUCION-PAAC-I.E.-NUEVA-ESPERANZA-LA-PALMA.pdf\">ADOPCI\u00d3N RESOLUCION PAAC I.E. NUEVA ESPERANZA LA PALMA<\/a><\/p><ol><li><a href=\"https:\/\/nep.edu.co\/wp-content\/uploads\/2025\/05\/1.-Ejecucion-de-Ingreso-1o-Trimestre-de-2025.pdf\" target=\"_blank\" rel=\"noopener\">Ejecuci\u00f3n de Ingreso 1\u00ba Trimestre de 2025<\/a><\/li><li><a href=\"https:\/\/nep.edu.co\/wp-content\/uploads\/2025\/05\/2.-Ejecucion-de-Gastos-1o-Trimestre-de-2025.pdf\" target=\"_blank\" rel=\"noopener\">Ejecuci\u00f3n de Gastos 1\u00ba Trimestre de 2025<\/a><\/li><li><a href=\"https:\/\/nep.edu.co\/wp-content\/uploads\/2025\/05\/3.-Estado-de-Resultados-1o-Trimestre-2025.pdf\" target=\"_blank\" rel=\"noopener\">Estado de Resultados 1\u00ba Trimestre 2025<\/a><\/li><li><a href=\"https:\/\/nep.edu.co\/wp-content\/uploads\/2025\/05\/4.-Estado-a-la-Situacion-Financiera-1o-Trimestre-2025.pdf\" target=\"_blank\" rel=\"noopener\">Informe de estampillas 1\u00ba Trimestre 2025<\/a><\/li><li><a href=\"https:\/\/nep.edu.co\/wp-content\/uploads\/2025\/05\/6.-Contratacion-acumulada-1a-trimestre-2025.pdf\" target=\"_blank\" rel=\"noopener\">Contratacion acumulada 1\u00aa trimestre 2025<\/a><\/li><\/ol><\/div>\n\t\t\t\t<\/div>\n\t\t\t\t\t\t\t<div class=\"elementor-accordion-item\">\n\t\t\t\t\t<div id=\"elementor-tab-title-2253\" class=\"elementor-tab-title\" data-tab=\"3\" role=\"button\" aria-controls=\"elementor-tab-content-2253\" aria-expanded=\"false\">\n\t\t\t\t\t\t\t\t\t\t\t\t\t<span class=\"elementor-accordion-icon elementor-accordion-icon-left\" aria-hidden=\"true\">\n\t\t\t\t\t\t\t\t\t\t\t\t\t\t\t<span class=\"elementor-accordion-icon-closed\"><i class=\"fas fa-plus\"><\/i><\/span>\n\t\t\t\t\t\t\t\t<span class=\"elementor-accordion-icon-opened\"><i class=\"fas fa-minus\"><\/i><\/span>\n\t\t\t\t\t\t\t\t\t\t\t\t\t\t<\/span>\n\t\t\t\t\t\t\t\t\t\t\t\t<a class=\"elementor-accordion-title\" tabindex=\"0\">Plan Anticorrupci\u00f3n 2024<\/a>\n\t\t\t\t\t<\/div>\n\t\t\t\t\t<div id=\"elementor-tab-content-2253\" class=\"elementor-tab-content elementor-clearfix\" data-tab=\"3\" role=\"region\" aria-labelledby=\"elementor-tab-title-2253\"><ol><li><a href=\"http:\/\/nep.edu.co\/wp-content\/uploads\/2024\/01\/PLAN-ANTICORRUPCION-NUEVA-ESPERANZA-LA-PALMA-2024.pdf\" target=\"_blank\" rel=\"noopener\">Plan Anticorrupci\u00f3n 2024<\/a><\/li><li><a href=\"http:\/\/nep.edu.co\/wp-content\/uploads\/2024\/01\/Cumunicado-Oficial.pdf\" target=\"_blank\" rel=\"noopener\">Comunicado Oficial<\/a><\/li><li><a href=\"http:\/\/nep.edu.co\/wp-content\/uploads\/2024\/01\/ADOPCION-RESOLUCION-PAAC-I.E.-NUEVA-ESPERANZA-LA-PALMA.pdf\" target=\"_blank\" rel=\"noopener\">Adopci\u00f3n Resoluci\u00f3n PAAC<\/a><\/li><li><a href=\"https:\/\/nep.edu.co\/wp-content\/uploads\/2024\/05\/Avances-Plan-Anticorupcion-y-Mapa-de-Riesgos-1\u00b0-Trimestre-1.pdf\">Avances Plan Anticorrupci\u00f3n y Mapa de Riesgos 1\u00b0 Trimestre<\/a><\/li><li><a href=\"https:\/\/nep.edu.co\/wp-content\/uploads\/2024\/09\/Avances-Plan-Anticorupcion-y-Mapa-de-Riesgos-agosto-31-2024.pdf\">Avances Plan Anticorupcion y Mapa de Riesgos agosto 31 2024<\/a><\/li><li><a href=\"https:\/\/nep.edu.co\/wp-content\/uploads\/2025\/01\/Avances-Plan-Anticorupcion-y-Mapa-de-Riesgos-A-31-DE-DICIEMBRE-2025_0001.pdf\">Avances Plan Anticorupcion y Mapa de Riesgos A 31 DE DICIEMBRE 2025_0001<\/a><\/li><\/ol><\/div>\n\t\t\t\t<\/div>\n\t\t\t\t\t\t\t<div class=\"elementor-accordion-item\">\n\t\t\t\t\t<div id=\"elementor-tab-title-2254\" class=\"elementor-tab-title\" data-tab=\"4\" role=\"button\" aria-controls=\"elementor-tab-content-2254\" aria-expanded=\"false\">\n\t\t\t\t\t\t\t\t\t\t\t\t\t<span class=\"elementor-accordion-icon elementor-accordion-icon-left\" aria-hidden=\"true\">\n\t\t\t\t\t\t\t\t\t\t\t\t\t\t\t<span class=\"elementor-accordion-icon-closed\"><i class=\"fas fa-plus\"><\/i><\/span>\n\t\t\t\t\t\t\t\t<span class=\"elementor-accordion-icon-opened\"><i class=\"fas fa-minus\"><\/i><\/span>\n\t\t\t\t\t\t\t\t\t\t\t\t\t\t<\/span>\n\t\t\t\t\t\t\t\t\t\t\t\t<a class=\"elementor-accordion-title\" tabindex=\"0\">Plan Anticorrupci\u00f3n 2023<\/a>\n\t\t\t\t\t<\/div>\n\t\t\t\t\t<div id=\"elementor-tab-content-2254\" class=\"elementor-tab-content elementor-clearfix\" data-tab=\"4\" role=\"region\" aria-labelledby=\"elementor-tab-title-2254\"><p><a href=\"https:\/\/nep.edu.co\/wp-content\/uploads\/2024\/01\/PLAN-ANTICORRUPCION-NUEVA-ESPERANZA-LA-PALMA.pptx\" target=\"_blank\" rel=\"noopener\">PLAN ANTICORRUPCI\u00d3N NUEVA ESPERANZA LA PALMA<\/a><\/p><ol><li><a href=\"https:\/\/nep.edu.co\/wp-content\/uploads\/2024\/01\/Avances-Plan-Anticorupcion-y-Mapa-de-Riesgos-30-de-abril.pdf\" target=\"_blank\" rel=\"noopener\">Avances Plan Anticorupcion y Mapa de Riesgos 30 de abril<\/a><\/li><li><a href=\"https:\/\/nep.edu.co\/wp-content\/uploads\/2024\/01\/Avances-Plan-Anticorupcion-y-Mapa-de-Riesgos-31-de-agosto_2023.pdf\" target=\"_blank\" rel=\"noopener\">Avances Plan Anticorupcion y Mapa de Riesgos 31 de agosto_2023<\/a><\/li><li><a href=\"https:\/\/nep.edu.co\/wp-content\/uploads\/2024\/01\/Avances-Plan-Anticorupcion-y-Mapa-de-Riesgos-31-de-Diciembre_2023.pdf\" target=\"_blank\" rel=\"noopener\">Avances Plan Anticorupcion y Mapa de Riesgos 31 de Diciembre_2023<\/a><\/li><\/ol><\/div>\n\t\t\t\t<\/div>\n\t\t\t\t\t\t\t<div class=\"elementor-accordion-item\">\n\t\t\t\t\t<div id=\"elementor-tab-title-2255\" class=\"elementor-tab-title\" data-tab=\"5\" role=\"button\" aria-controls=\"elementor-tab-content-2255\" aria-expanded=\"false\">\n\t\t\t\t\t\t\t\t\t\t\t\t\t<span class=\"elementor-accordion-icon elementor-accordion-icon-left\" aria-hidden=\"true\">\n\t\t\t\t\t\t\t\t\t\t\t\t\t\t\t<span class=\"elementor-accordion-icon-closed\"><i class=\"fas fa-plus\"><\/i><\/span>\n\t\t\t\t\t\t\t\t<span class=\"elementor-accordion-icon-opened\"><i class=\"fas fa-minus\"><\/i><\/span>\n\t\t\t\t\t\t\t\t\t\t\t\t\t\t<\/span>\n\t\t\t\t\t\t\t\t\t\t\t\t<a class=\"elementor-accordion-title\" tabindex=\"0\">Plan Anticorrupci\u00f3n 2022<\/a>\n\t\t\t\t\t<\/div>\n\t\t\t\t\t<div id=\"elementor-tab-content-2255\" class=\"elementor-tab-content elementor-clearfix\" data-tab=\"5\" role=\"region\" aria-labelledby=\"elementor-tab-title-2255\"><p><a href=\"https:\/\/nep.edu.co\/wp-content\/uploads\/2024\/11\/ADOPCION-RESOLUCION-PAAC-I.E.-NUEVA-ESPERANZA-LA-PALMA.pdf\">ADOPCI\u00d3N RESOLUCION PAAC I.E. NUEVA ESPERANZA LA PALMA<\/a><\/p><p><a href=\"https:\/\/nep.edu.co\/wp-content\/uploads\/2022\/02\/PLAN-ANTICORRUPCION-_2022.pdf\" target=\"_blank\" rel=\"noopener\">Plan Anticorrupci\u00f3n 2022<\/a><\/p><p><a href=\"https:\/\/nep.edu.co\/wp-content\/uploads\/2024\/11\/Avances-Plan-Anticorrupcion-30-abril_2022.pdf\">Avances Plan Anticorrupci\u00f3n 30 abril_2022<\/a><\/p><p><a href=\"https:\/\/nep.edu.co\/wp-content\/uploads\/2024\/11\/Avances-Plan-Anticorrupcion-31-agosto-2022.pdf\">Avances Plan Anticorrupci\u00f3n 31 agosto 2022<\/a><\/p><p><a href=\"https:\/\/nep.edu.co\/wp-content\/uploads\/2024\/11\/PLAN-ANTICORRUPCION-NUEVA-ESPERANZA-LA-PALMA.pptx\">PLAN ANTICORRUPCI\u00d3N NUEVA ESPERANZA LA PALMA<\/a><\/p><\/div>\n\t\t\t\t<\/div>\n\t\t\t\t\t\t\t\t<\/div>\n\t\t\t\t\t\t<\/div>\n\t\t\t\t<\/div>\n\t\t\t\t\t<\/div>\n\t\t<\/div>\n\t\t\t\t\t<\/div>\n\t\t<\/section>\n\t\t\t\t<\/div>\n\t\t","protected":false},"excerpt":{"rendered":"<p>Plan Anticorrupci\u00f3n 2026 Cumunicado Oficial Plan Anticorrupci\u00f3n 2026 Cumunicado Oficial Plan Anticorrupci\u00f3n 2026 ADOPCI\u00d3N RESOLUCION PAAC I.E. NUEVA ESPERANZA LA PALMA 2026 Plan Anticorrupci\u00f3n 2025 Cumunicado<span class=\"excerpt-hellip\"> [\u2026]<\/span><\/p>\n","protected":false},"author":1,"featured_media":0,"parent":0,"menu_order":0,"comment_status":"closed","ping_status":"closed","template":"","meta":{"footnotes":""},"class_list":["post-2357","page","type-page","status-publish","hentry"],"_links":{"self":[{"href":"http:\/\/nep.edu.co\/index.php\/wp-json\/wp\/v2\/pages\/2357","targetHints":{"allow":["GET"]}}],"collection":[{"href":"http:\/\/nep.edu.co\/index.php\/wp-json\/wp\/v2\/pages"}],"about":[{"href":"http:\/\/nep.edu.co\/index.php\/wp-json\/wp\/v2\/types\/page"}],"author":[{"embeddable":true,"href":"http:\/\/nep.edu.co\/index.php\/wp-json\/wp\/v2\/users\/1"}],"replies":[{"embeddable":true,"href":"http:\/\/nep.edu.co\/index.php\/wp-json\/wp\/v2\/comments?post=2357"}],"version-history":[{"count":64,"href":"http:\/\/nep.edu.co\/index.php\/wp-json\/wp\/v2\/pages\/2357\/revisions"}],"predecessor-version":[{"id":3970,"href":"http:\/\/nep.edu.co\/index.php\/wp-json\/wp\/v2\/pages\/2357\/revisions\/3970"}],"wp:attachment":[{"href":"http:\/\/nep.edu.co\/index.php\/wp-json\/wp\/v2\/media?parent=2357"}],"curies":[{"name":"wp","href":"https:\/\/api.w.org\/{rel}","templated":true}]}}